{"id":144,"date":"2025-12-16T21:01:03","date_gmt":"2025-12-16T20:01:03","guid":{"rendered":"https:\/\/prospel.eu\/bip\/?page_id=144"},"modified":"2026-03-19T19:55:30","modified_gmt":"2026-03-19T18:55:30","slug":"rodo","status":"publish","type":"page","link":"https:\/\/thotedu.com\/bip\/rodo\/","title":{"rendered":"RODO"},"content":{"rendered":"<div id=\"pl-144\"  class=\"panel-layout\" ><div id=\"pg-144-0\"  class=\"panel-grid panel-no-style\" ><div id=\"pgc-144-0-0\"  class=\"panel-grid-cell\" ><div id=\"panel-144-0-0-0\" class=\"so-panel widget widget_sow-editor panel-first-child panel-last-child\" data-index=\"0\" ><div\n\t\t\t\n\t\t\tclass=\"so-widget-sow-editor so-widget-sow-editor-base\"\n\t\t\t\n\t\t>\n<div class=\"siteorigin-widget-tinymce textwidget\">\n\t<h4>Dane Osobowe<\/h4>\n<p><strong>Inspektor Ochrony Danych Osobowych <\/strong><\/p>\n<p><strong>w Szkole Podstawowej w Miszkowicach<a name=\"_GoBack\"><\/a><\/strong><\/p>\n<p>Administrator wyznaczy\u0142 <strong>Inspektora Ochrony Danych Osobowych<\/strong> - Pana <strong>Tomasza Wi\u0119ckowskiego <\/strong>do zada\u0144 kt\u00f3rego nale\u017cy realizacja czynno\u015bci wynikaj\u0105cych z art. 39 Rozporz\u0105dzenia Parlamentu Europejskiego i Rady (UE) 2016\/679 z dnia 27 kwietnia 2016r. w sprawie ochrony os\u00f3b fizycznych w zwi\u0105zku z przetwarzaniem danych osobowych i w sprawie swobodnego przep\u0142ywu takich danych oraz uchylenia dyrektywy 95\/46\/WE (og\u00f3lne rozporz\u0105dzenie o ochronie danych osobowych) \u2013 zwanego dalej RODO (Dz. Urz. UE L 119 z\u00a027.04.2016, s.1) oraz innych przepis\u00f3w prawa obowi\u0105zuj\u0105cych w tym zakresie.<\/p>\n<p>&nbsp;<\/p>\n<p><strong>Dane kontaktowe Inspektora Ochrony Danych:<\/strong><\/p>\n<ol>\n<li>za pomoc\u0105 adresu poczty e-mail: <a href=\"mailto:iod@protectdata.com.pl\">iod@protectdata.com.pl<\/a><\/li>\n<li>lub za pomoc\u0105 numeru telefonu (+48)\u00a0693\u2011337\u2011954<\/li>\n<li>lub pisemnie na adres siedziby Administratora.<\/li>\n<li>lub w siedzibie Administratora po wcze\u015bniejszym um\u00f3wieniu wizyty<\/li>\n<\/ol>\n<p>&nbsp;<\/p>\n<p><a name=\"_Hlk181181187\"><\/a><strong>Dziedzinowe obowi\u0105zki informacyjne z art. 13 lub 14 RODO <\/strong><\/p>\n<p>&nbsp;<\/p>\n<ol>\n<li>Og\u00f3lna klauzula informacyjna o przetwarzaniu danych osobowych -<a href=\"\/bip\/wp-content\/uploads\/sites\/2\/2026\/03\/Klauzula-informacyjna-dotyczaca-przetwarzania-danych-osobowych-_sp_miszkowice_264911423.pdf\"><strong><em>PDF do pobrania<\/em><\/strong><\/a><\/li>\n<li>Procedura realizacji praw os\u00f3b, kt\u00f3rych dane dotycz\u0105, wskazanych w art. 15 \u2013 21 - do pobrania tu - <a href=\"\/bip\/wp-content\/uploads\/sites\/2\/2026\/03\/Procedura-realizacji-praw-osob-ktorych-dane-dotycza-Wskazanych-w-art.-15-\u2013-21-RODO_3276822260.pdf\"><strong><em>pdf do pobraniu<\/em><\/strong><\/a><\/li>\n<\/ol>\n<p>&nbsp;<\/p>\n<p>Procedura zawiera opis zasad stosowanych przez Administratora danych oraz pracownik\u00f3w podmiotu w celu zapewnienia realizacji praw os\u00f3b, kt\u00f3rych dane osobowe przetwarza jako Administrator danych (ADO), wskazanych w art. 15 \u2013 21 Rozporz\u0105dzenia 95\/46\/WE (og\u00f3lne rozporz\u0105dzenie o ochronie danych RODO).<\/p>\n<\/div>\n<\/div><\/div><\/div><\/div><\/div>","protected":false},"excerpt":{"rendered":"<p>Dane Osobowe Inspektor Ochrony Danych Osobowych w Szkole Podstawowej w Miszkowicach Administrator wyznaczy\u0142 Inspektora Ochrony Danych Osobowych &#8211; Pana Tomasza Wi\u0119ckowskiego do zada\u0144 kt\u00f3rego nale\u017cy realizacja czynno\u015bci wynikaj\u0105cych z art. 39 Rozporz\u0105dzenia Parlamentu Europejskiego i Rady (UE) 2016\/679 z dnia 27 kwietnia 2016r. w sprawie ochrony os\u00f3b fizycznych w zwi\u0105zku z przetwarzaniem danych osobowych i [&hellip;]<\/p>\n","protected":false},"author":1,"featured_media":0,"parent":0,"menu_order":0,"comment_status":"closed","ping_status":"closed","template":"","meta":{"footnotes":""},"class_list":["post-144","page","type-page","status-publish","hentry"],"_links":{"self":[{"href":"https:\/\/thotedu.com\/bip\/wp-json\/wp\/v2\/pages\/144","targetHints":{"allow":["GET"]}}],"collection":[{"href":"https:\/\/thotedu.com\/bip\/wp-json\/wp\/v2\/pages"}],"about":[{"href":"https:\/\/thotedu.com\/bip\/wp-json\/wp\/v2\/types\/page"}],"author":[{"embeddable":true,"href":"https:\/\/thotedu.com\/bip\/wp-json\/wp\/v2\/users\/1"}],"replies":[{"embeddable":true,"href":"https:\/\/thotedu.com\/bip\/wp-json\/wp\/v2\/comments?post=144"}],"version-history":[{"count":6,"href":"https:\/\/thotedu.com\/bip\/wp-json\/wp\/v2\/pages\/144\/revisions"}],"predecessor-version":[{"id":294,"href":"https:\/\/thotedu.com\/bip\/wp-json\/wp\/v2\/pages\/144\/revisions\/294"}],"wp:attachment":[{"href":"https:\/\/thotedu.com\/bip\/wp-json\/wp\/v2\/media?parent=144"}],"curies":[{"name":"wp","href":"https:\/\/api.w.org\/{rel}","templated":true}]}}